{"id":143,"date":"2020-03-23T08:16:39","date_gmt":"2020-03-23T08:16:39","guid":{"rendered":"https:\/\/gregorschanda.com\/?page_id=143"},"modified":"2020-04-06T07:58:39","modified_gmt":"2020-04-06T07:58:39","slug":"en-home","status":"publish","type":"page","link":"https:\/\/gregorschanda.com\/index.php\/en-home\/","title":{"rendered":"EN-Home"},"content":{"rendered":"\t\t<div data-elementor-type=\"wp-page\" data-elementor-id=\"143\" class=\"elementor elementor-143\">\n\t\t\t\t\t\t<section class=\"elementor-section elementor-top-section elementor-element elementor-element-c8daea7 elementor-section-stretched elementor-section-boxed elementor-section-height-default elementor-section-height-default\" data-id=\"c8daea7\" data-element_type=\"section\" data-settings=\"{&quot;background_background&quot;:&quot;classic&quot;,&quot;stretch_section&quot;:&quot;section-stretched&quot;}\">\n\t\t\t\t\t\t<div class=\"elementor-container elementor-column-gap-default\">\n\t\t\t\t\t<div class=\"elementor-column elementor-col-100 elementor-top-column elementor-element elementor-element-778fea2\" data-id=\"778fea2\" data-element_type=\"column\">\n\t\t\t<div class=\"elementor-widget-wrap elementor-element-populated\">\n\t\t\t\t\t\t<div class=\"elementor-element elementor-element-2c94963 elementor-widget elementor-widget-heading\" data-id=\"2c94963\" data-element_type=\"widget\" data-widget_type=\"heading.default\">\n\t\t\t\t<div class=\"elementor-widget-container\">\n\t\t\t<h2 class=\"elementor-heading-title elementor-size-default\">\u201eThe whole is bigger than the sum of its parts.\u201c<\/h2>\t\t<\/div>\n\t\t\t\t<\/div>\n\t\t\t\t\t<\/div>\n\t\t<\/div>\n\t\t\t\t\t<\/div>\n\t\t<\/section>\n\t\t\t\t<section class=\"elementor-section elementor-top-section elementor-element elementor-element-a7b1eec elementor-section-boxed elementor-section-height-default elementor-section-height-default\" data-id=\"a7b1eec\" data-element_type=\"section\">\n\t\t\t\t\t\t<div class=\"elementor-container elementor-column-gap-default\">\n\t\t\t\t\t<div class=\"elementor-column elementor-col-100 elementor-top-column elementor-element elementor-element-f26afce\" data-id=\"f26afce\" data-element_type=\"column\">\n\t\t\t<div class=\"elementor-widget-wrap elementor-element-populated\">\n\t\t\t\t\t\t<div class=\"elementor-element elementor-element-f9c3907 elementor-widget elementor-widget-text-editor\" data-id=\"f9c3907\" data-element_type=\"widget\" data-widget_type=\"text-editor.default\">\n\t\t\t\t<div class=\"elementor-widget-container\">\n\t\t\t\t\t\t\t<p style=\"text-align: center;\">My intention is to bring life to this famous quote. Instead of working separately on single areas of expertise I bring them together so that new solutions can arise.<br \/>How it works?<br \/>On the one hand by applying my academic special skills in organizational development, knowledge management and the psychology of organizations. On the other hand through my experience and education in coherence training, health support, intuition research and potential development.<\/p><p style=\"text-align: center;\">I apply this approach as an organizational developer, entrepreneur, consultant, coach, nature freak, potential developer, \u201enewthinker\u201c and philosopher.<br \/>My goal is to bring those powerful experiences I have had in my life in these fields to individuals and organizations so that a stronger, more coherent, solution- oriented world can arise.<\/p>\t\t\t\t\t\t<\/div>\n\t\t\t\t<\/div>\n\t\t\t\t\t<\/div>\n\t\t<\/div>\n\t\t\t\t\t<\/div>\n\t\t<\/section>\n\t\t\t\t<section class=\"elementor-section elementor-top-section elementor-element elementor-element-80ffcf9 elementor-section-boxed elementor-section-height-default elementor-section-height-default\" data-id=\"80ffcf9\" data-element_type=\"section\">\n\t\t\t\t\t\t<div class=\"elementor-container elementor-column-gap-default\">\n\t\t\t\t\t<div class=\"elementor-column elementor-col-100 elementor-top-column elementor-element elementor-element-647c16e\" data-id=\"647c16e\" data-element_type=\"column\">\n\t\t\t<div class=\"elementor-widget-wrap elementor-element-populated\">\n\t\t\t\t\t\t<div class=\"elementor-element elementor-element-29b22dc elementor-grid-2 elementor-grid-tablet-2 elementor-grid-mobile-1 elementor-posts--thumbnail-top elementor-posts--show-avatar elementor-card-shadow-yes elementor-posts__hover-gradient elementor-widget elementor-widget-posts\" data-id=\"29b22dc\" data-element_type=\"widget\" data-settings=\"{&quot;cards_columns&quot;:&quot;2&quot;,&quot;cards_columns_tablet&quot;:&quot;2&quot;,&quot;cards_columns_mobile&quot;:&quot;1&quot;,&quot;cards_row_gap&quot;:{&quot;unit&quot;:&quot;px&quot;,&quot;size&quot;:35,&quot;sizes&quot;:[]},&quot;cards_row_gap_tablet&quot;:{&quot;unit&quot;:&quot;px&quot;,&quot;size&quot;:&quot;&quot;,&quot;sizes&quot;:[]},&quot;cards_row_gap_mobile&quot;:{&quot;unit&quot;:&quot;px&quot;,&quot;size&quot;:&quot;&quot;,&quot;sizes&quot;:[]}}\" data-widget_type=\"posts.cards\">\n\t\t\t\t<div class=\"elementor-widget-container\">\n\t\t\t\t\t<div class=\"elementor-posts-container elementor-posts elementor-posts--skin-cards elementor-grid\">\n\t\t\t\t<article class=\"elementor-post elementor-grid-item post-228 post type-post status-publish format-standard hentry category-info\">\n\t\t\t<div class=\"elementor-post__card\">\n\t\t\t\t<div class=\"elementor-post__text\">\n\t\t\t\t<h3 class=\"elementor-post__title\">\n\t\t\t<a href=\"https:\/\/gregorschanda.com\/index.php\/2020\/03\/25\/kohaerenz-was-ist-das-und-warum-ist-sie-jetzt-besonders-wichtig\/\" >\n\t\t\t\tKoh\u00e4renz &#8211;  was ist das und warum ist sie jetzt besonders wichtig?\t\t\t<\/a>\n\t\t<\/h3>\n\t\t\t\t<div class=\"elementor-post__excerpt\">\n\t\t\t<p>Koh\u00e4renz ist im allgemeinen Sprachgebrauch eher ein unbekanntes Wort. Je nachdem, ob es in der Physik, Psychologie, Medizin oder Wissenschaftstheorie verwendet wird, hat es unterschiedliche Bedeutungen. Man k\u00f6nnte es ganz allgemein mit innerer und \u00e4u\u00dferer Ordnung von Systemen umschreiben. Aufmerksamkeit bekam das Wort auch im Zusammenhang mit Forschungsergebnissen am Institute for Heartmath in den USA,<\/p>\n\t\t<\/div>\n\t\t\n\t\t<a class=\"elementor-post__read-more\" href=\"https:\/\/gregorschanda.com\/index.php\/2020\/03\/25\/kohaerenz-was-ist-das-und-warum-ist-sie-jetzt-besonders-wichtig\/\" >\n\t\t\tRead More \u00bb\t\t<\/a>\n\n\t\t\t\t<\/div>\n\t\t\t\t<div class=\"elementor-post__meta-data\">\n\t\t\t\t\t<span class=\"elementor-post-date\">\n\t\t\tM\u00e4rz 25, 2020\t\t<\/span>\n\t\t\t\t<\/div>\n\t\t\t\t\t<\/div>\n\t\t<\/article>\n\t\t\t\t<\/div>\n\n\n\t\t\n\t\t\t\t<\/div>\n\t\t\t\t<\/div>\n\t\t\t\t\t<\/div>\n\t\t<\/div>\n\t\t\t\t\t<\/div>\n\t\t<\/section>\n\t\t\t\t<\/div>\n\t\t","protected":false},"excerpt":{"rendered":"<p>\u201eThe whole is bigger than the sum of its parts.\u201c My intention is to bring life to this famous quote. Instead of working separately on single areas of expertise I bring them together so that new solutions can arise.How it works?On the one hand by applying my academic special skills in organizational development, knowledge management [&hellip;]<\/p>\n","protected":false},"author":1,"featured_media":0,"parent":0,"menu_order":0,"comment_status":"closed","ping_status":"closed","template":"page-templates\/page_front-page.php","meta":{"footnotes":""},"aioseo_notices":[],"_links":{"self":[{"href":"https:\/\/gregorschanda.com\/index.php\/wp-json\/wp\/v2\/pages\/143"}],"collection":[{"href":"https:\/\/gregorschanda.com\/index.php\/wp-json\/wp\/v2\/pages"}],"about":[{"href":"https:\/\/gregorschanda.com\/index.php\/wp-json\/wp\/v2\/types\/page"}],"author":[{"embeddable":true,"href":"https:\/\/gregorschanda.com\/index.php\/wp-json\/wp\/v2\/users\/1"}],"replies":[{"embeddable":true,"href":"https:\/\/gregorschanda.com\/index.php\/wp-json\/wp\/v2\/comments?post=143"}],"version-history":[{"count":21,"href":"https:\/\/gregorschanda.com\/index.php\/wp-json\/wp\/v2\/pages\/143\/revisions"}],"predecessor-version":[{"id":259,"href":"https:\/\/gregorschanda.com\/index.php\/wp-json\/wp\/v2\/pages\/143\/revisions\/259"}],"wp:attachment":[{"href":"https:\/\/gregorschanda.com\/index.php\/wp-json\/wp\/v2\/media?parent=143"}],"curies":[{"name":"wp","href":"https:\/\/api.w.org\/{rel}","templated":true}]}}